{"id":5840,"date":"2025-08-05T18:33:09","date_gmt":"2025-08-05T18:33:09","guid":{"rendered":"https:\/\/www.les-rock.com\/?page_id=5840"},"modified":"2025-10-15T10:27:39","modified_gmt":"2025-10-15T10:27:39","slug":"projektiranje-inzeniring","status":"publish","type":"page","link":"https:\/\/www.les-rock.com\/sl_si\/projektiranje-inzeniring\/","title":{"rendered":"Projektiranje in in\u017eeniring"},"content":{"rendered":"\t\t<div data-elementor-type=\"wp-page\" data-elementor-id=\"5840\" class=\"elementor elementor-5840\">\n\t\t\t\t\t\t<section class=\"elementor-section elementor-top-section elementor-element elementor-element-8e29eb5 elementor-section-boxed elementor-section-height-default elementor-section-height-default\" data-id=\"8e29eb5\" data-element_type=\"section\">\n\t\t\t\t\t\t<div class=\"elementor-container elementor-column-gap-extended\">\n\t\t\t\t\t<div class=\"elementor-column elementor-col-100 elementor-top-column elementor-element elementor-element-8aad263 ot-flex-column-vertical\" data-id=\"8aad263\" data-element_type=\"column\">\n\t\t\t<div class=\"elementor-widget-wrap elementor-element-populated\">\n\t\t\t\t\t\t<div class=\"elementor-element elementor-element-557500c elementor-widget elementor-widget-iheading\" data-id=\"557500c\" data-element_type=\"widget\" data-widget_type=\"iheading.default\">\n\t\t\t\t<div class=\"elementor-widget-container\">\n\t\t\t\t\t\t\t<div class=\"ot-heading \">\r\n\t        <span>[ PROJEKTIRANJE IN IN\u017dENIRING  ]<\/span>\t        <h2 class=\"main-heading\">PROJEKTIRANJE IN IN\u017dENIRING<\/h2>\t    <\/div>\r\n\t    \t\t\t\t<\/div>\n\t\t\t\t<\/div>\n\t\t\t\t<div class=\"elementor-element elementor-element-ce13a42 elementor-widget elementor-widget-text-editor\" data-id=\"ce13a42\" data-element_type=\"widget\" data-widget_type=\"text-editor.default\">\n\t\t\t\t<div class=\"elementor-widget-container\">\n\t\t\t\t\t\t\t\t\t<p>Lesni in\u017eeniring in projektiranje zdru\u017eujeta tehni\u010dno znanje, oblikovanje in inovativne pristope pri ustvarjanju lesenih izdelkov in polizdelkov za notranjo opremo. V na\u0161em podjetju proces inoviranja poteka v treh klju\u010dnih fazah:<\/p>\t\t\t\t\t\t\t\t<\/div>\n\t\t\t\t<\/div>\n\t\t\t\t<section class=\"elementor-section elementor-inner-section elementor-element elementor-element-8d044e4 elementor-section-boxed elementor-section-height-default elementor-section-height-default\" data-id=\"8d044e4\" data-element_type=\"section\" data-settings=\"{&quot;background_background&quot;:&quot;classic&quot;}\">\n\t\t\t\t\t\t<div class=\"elementor-container elementor-column-gap-default\">\n\t\t\t\t\t<div class=\"elementor-column elementor-col-100 elementor-inner-column elementor-element elementor-element-4102e35 ot-flex-column-vertical\" data-id=\"4102e35\" data-element_type=\"column\">\n\t\t\t<div class=\"elementor-widget-wrap elementor-element-populated\">\n\t\t\t\t\t\t<div class=\"elementor-element elementor-element-5adf692 order-even-top-40 elementor-widget elementor-widget-iprocessbox\" data-id=\"5adf692\" data-element_type=\"widget\" data-widget_type=\"iprocessbox.default\">\n\t\t\t\t<div class=\"elementor-widget-container\">\n\t\t\t\t\t\r\n\t\t<div class=\"ot-process\" >\r\n\t\t\t\t\t\t\t<ul class=\"process_nav unstyle\">\r\n\t\t\t\t\t\t\t\t\t\t<li>\r\n\t\t\t\t\t\t<div class=\"icon-main\">\r\n\t\t\t\t\t\t\t<span class=\"dcell\">\r\n\t\t\t\t\t\t\t\t<svg xmlns=\"http:\/\/www.w3.org\/2000\/svg\" width=\"512.000000pt\" height=\"512.000000pt\" viewBox=\"0 0 512.000000 512.000000\" preserveAspectRatio=\"xMidYMid meet\"><g transform=\"translate(0.000000,512.000000) scale(0.100000,-0.100000)\" fill=\"#000000\" stroke=\"none\"><path d=\"M2855 5008 c-48 -27 -813 -513 -842 -535 l-33 -24 -2 -232 -3 -232 -810 -5 -810 -5 -47 -27 c-61 -36 -105 -91 -123 -152 -23 -75 -22 -2658 0 -2733 19 -63 79 -133 142 -164 l48 -24 778 -3 777 -3 0 -184 0 -185 -163 0 c-146 0 -166 -2 -180 -18 -14 -16 -17 -44 -17 -184 0 -147 2 -167 18 -181 17 -16 99 -17 974 -17 912 0 956 1 971 18 14 16 17 44 17 184 0 147 -2 167 -18 181 -16 14 -44 17 -180 17 l-162 0 0 185 0 185 753 0 c832 0 814 -1 899 63 27 20 54 55 73 92 l30 59 3 1315 c2 919 -1 1332 -9 1368 -14 71 -63 141 -123 178 l-49 30 -484 3 -483 3 0 227 c0 167 -3 232 -12 244 -19 24 -879 568 -898 568 -8 0 -24 -6 -35 -12z m413 -361 c199 -127 361 -231 360 -232 -21 -16 -719 -456 -730 -460 -17 -7 -739 445 -739 462 1 13 725 471 736 465 6 -3 173 -109 373 -235z m-790 -584 l352 -225 0 -420 c0 -366 -2 -419 -15 -414 -8 3 -172 105 -365 228 l-350 223 0 423 c0 336 3 422 13 416 6 -4 171 -108 365 -231z m1200 -185 l-3 -422 -355 -228 c-195 -125 -358 -227 -363 -228 -4 0 -6 190 -5 422 l3 422 355 227 c195 125 358 228 363 228 4 1 6 -189 5 -421z m-2848 -1233 l0 -1215 -270 0 -270 0 2 1169 c3 1165 3 1170 24 1198 42 58 68 63 302 63 l212 0 0 -1215z m1140 991 c0 -219 1 -225 23 -249 21 -24 844 -547 880 -560 25 -9 40 -1 507 296 l415 263 3 237 2 238 469 -3 c457 -3 470 -4 498 -24 15 -11 36 -36 45 -55 17 -32 18 -109 18 -1191 l0 -1158 -1940 0 -1940 0 0 1215 0 1215 510 0 510 0 0 -224z m2860 -2421 c0 -113 -13 -151 -66 -191 l-37 -29 -2167 0 -2167 0 -37 29 c-53 40 -66 78 -66 191 l0 95 2270 0 2270 0 0 -95z m-1760 -530 l0 -185 -510 0 -510 0 0 185 0 185 510 0 510 0 0 -185z m360 -385 l0 -80 -870 0 -870 0 0 80 0 80 870 0 870 0 0 -80z\"><\/path><path d=\"M480 3608 c-77 -53 -100 -139 -58 -213 25 -43 93 -85 138 -85 45 0 113 42 138 85 59 103 -18 235 -138 235 -32 0 -57 -7 -80 -22z m98 -100 c17 -17 15 -43 -4 -59 -31 -26 -70 25 -44 56 15 18 32 19 48 3z\"><\/path><path d=\"M505 3205 c-105 -38 -138 -165 -65 -249 40 -45 79 -60 141 -54 56 6 102 40 125 95 19 45 17 80 -7 129 -35 73 -118 107 -194 79z m83 -153 c-2 -21 -9 -28 -30 -30 -23 -3 -29 2 -34 24 -5 20 -2 31 11 40 27 20 57 0 53 -34z\"><\/path><path d=\"M495 2786 c-101 -44 -125 -178 -46 -257 65 -65 157 -65 222 0 124 124 -15 327 -176 257z m101 -131 c11 -43 -34 -73 -64 -43 -27 27 -6 68 35 68 16 0 24 -7 29 -25z\"><\/path><path d=\"M490 2368 c-148 -75 -95 -298 70 -298 120 0 197 132 138 235 -25 43 -93 85 -138 85 -14 0 -46 -10 -70 -22z m100 -113 c26 -32 -13 -81 -47 -59 -35 22 -23 74 17 74 10 0 23 -7 30 -15z\"><\/path><path d=\"M495 1956 c-103 -45 -126 -180 -44 -258 67 -64 151 -64 218 0 128 122 -12 329 -174 258z m93 -118 c17 -17 15 -43 -4 -59 -31 -26 -70 25 -44 56 15 18 32 19 48 3z\"><\/path><path d=\"M3924 3535 c-30 -30 -26 -60 13 -90 184 -141 253 -237 253 -350 0 -93 -86 -207 -225 -299 -167 -112 -465 -207 -740 -237 -60 -7 -116 -17 -124 -23 -34 -27 -28 -89 10 -101 10 -4 73 1 140 10 508 66 901 259 1020 501 31 63 34 77 34 159 0 82 -3 97 -33 158 -19 39 -61 97 -95 134 -63 67 -189 163 -214 163 -8 0 -25 -11 -39 -25z\"><\/path><path d=\"M1729 3502 c-94 -72 -182 -171 -221 -249 -30 -61 -33 -76 -33 -153 0 -76 3 -92 33 -152 99 -201 365 -360 767 -459 107 -26 231 -46 409 -64 l58 -7 -32 -33 c-52 -54 -38 -118 26 -118 21 0 48 21 121 95 51 52 93 103 93 113 0 10 -44 62 -97 116 -107 109 -137 122 -169 74 -18 -28 -13 -53 23 -95 13 -17 20 -30 15 -30 -48 0 -242 26 -347 46 -461 90 -785 304 -785 519 0 89 91 214 230 317 53 39 63 75 31 107 -31 31 -51 26 -122 -27z\"><\/path><path d=\"M1457 1952 c-14 -16 -17 -43 -17 -169 0 -133 2 -152 18 -166 17 -16 131 -17 1430 -17 1399 0 1412 0 1432 20 18 18 20 33 20 165 0 132 -2 147 -20 165 -20 20 -33 20 -1433 20 -1357 0 -1415 -1 -1430 -18z m2763 -167 l0 -65 -1330 0 -1330 0 0 65 0 65 1330 0 1330 0 0 -65z\"><\/path><\/g><\/svg>\t\t\t\t\t\t\t<\/span>\r\n\t\t\t\t\t\t\t<span class=\"number-stroke\">01<\/span>\r\n\t\t\t\t\t\t<\/div>\r\n\t\t\t\t\t\t<h5>Idejni koncept<\/h5>\r\n\t\t\t\t\t\t<div class=\"process-des\">\r\n\t\t\t\t\t\t\t<p class=\"process-des-item\">Idejni koncept \u2013 razvoj vizije, estetske usmeritve in funkcionalne zasnove projekta.<\/p>\r\n\t\t\t\t\t\t<\/div>\r\n\t\t\t\t\t<\/li>\r\n\t\t\t\t\t\t\t\t\t\t<li>\r\n\t\t\t\t\t\t<div class=\"icon-main\">\r\n\t\t\t\t\t\t\t<span class=\"dcell\">\r\n\t\t\t\t\t\t\t\t<svg xmlns=\"http:\/\/www.w3.org\/2000\/svg\" width=\"512.000000pt\" height=\"512.000000pt\" viewBox=\"0 0 512.000000 512.000000\" preserveAspectRatio=\"xMidYMid meet\"><g transform=\"translate(0.000000,512.000000) scale(0.100000,-0.100000)\" fill=\"#000000\" stroke=\"none\"><path d=\"M64 5110 c-12 -4 -31 -21 -43 -36 l-21 -27 0 -1868 0 -1869 29 -32 29 -33 1201 -3 1201 -2 0 -226 c0 -234 3 -255 44 -284 12 -8 300 -176 640 -372 385 -223 630 -358 646 -358 16 0 261 135 646 357 340 197 628 365 640 373 11 8 26 25 32 37 19 34 16 1479 -2 1512 -9 17 -208 137 -612 371 l-599 346 0 69 0 70 145 6 c101 5 157 11 185 23 94 40 145 126 145 248 l0 77 100 72 c144 102 140 95 140 255 l0 134 85 0 c79 0 87 2 117 29 l33 29 3 256 3 256 99 0 c96 0 101 1 132 29 27 24 33 36 33 71 0 35 -6 47 -33 71 -31 28 -36 29 -131 29 l-100 0 -3 171 -3 171 -33 29 -33 30 -515 -3 -516 -3 -29 -33 -29 -32 0 -165 0 -165 -264 0 -265 0 -3 171 -3 171 -33 29 -32 29 -1503 -1 c-826 0 -1512 -4 -1523 -9z m2896 -290 l0 -99 -531 -3 -531 -3 -29 -33 c-38 -42 -38 -82 0 -124 l29 -33 531 -3 531 -3 0 -795 c0 -853 -1 -837 49 -864 25 -13 77 -13 102 0 50 27 49 11 49 865 l0 795 265 0 265 0 0 -250 0 -250 29 -32 c28 -32 32 -33 120 -36 l91 -4 0 -133 c0 -159 -4 -152 140 -255 l101 -72 -3 -66 -3 -67 -145 -6 c-157 -7 -203 -19 -253 -67 -51 -48 -71 -99 -77 -197 l-5 -89 -585 -337 c-322 -186 -596 -346 -610 -357 l-25 -20 -3 -421 -3 -421 -1129 0 -1130 0 0 1740 0 1740 1380 0 1380 0 0 -100z m1690 -285 l0 -385 -380 0 -380 0 0 385 0 385 380 0 380 0 0 -385z m-240 -678 l0 -93 -65 -47 c-36 -26 -70 -47 -75 -47 -5 0 -39 21 -75 47 l-65 47 0 93 0 93 140 0 140 0 0 -93z m-123 -1319 c268 -154 496 -287 507 -294 16 -11 11 -17 -64 -60 -93 -54 -110 -74 -110 -126 0 -48 33 -87 82 -95 31 -5 49 2 120 42 46 26 86 50 91 52 4 2 7 -265 7 -594 l-1 -598 -504 -290 c-277 -159 -509 -291 -514 -293 -8 -3 -10 171 -9 593 l3 597 95 54 c52 30 107 68 123 85 38 41 37 90 -2 130 -45 44 -77 39 -203 -31 -59 -33 -112 -60 -118 -60 -11 0 -964 544 -1003 572 -16 12 38 46 485 305 277 160 508 292 515 292 6 1 231 -126 500 -281z m-1087 -786 l485 -279 3 -598 c1 -422 -1 -596 -9 -593 -5 2 -237 134 -514 293 l-504 290 -1 598 0 598 28 -15 c15 -8 245 -140 512 -294z\"><\/path><path d=\"M1531 4707 c-95 -55 -40 -206 67 -182 73 16 103 109 51 160 -30 31 -85 41 -118 22z\"><\/path><path d=\"M1060 4081 c-347 -200 -490 -288 -502 -308 -17 -26 -18 -73 -18 -593 0 -520 1 -567 18 -593 12 -20 155 -108 502 -308 388 -223 491 -279 520 -279 29 0 132 56 520 279 347 200 490 288 502 308 17 26 18 73 18 593 0 520 -1 567 -18 593 -12 20 -155 108 -502 308 -388 223 -491 279 -520 279 -29 0 -132 -56 -520 -279z m453 -258 c20 -21 37 -28 67 -28 30 0 47 7 68 28 26 26 27 33 32 147 l5 119 318 -183 317 -183 -314 -182 c-173 -99 -317 -181 -320 -181 -3 0 -6 34 -6 75 0 86 -15 125 -55 143 -51 23 -107 7 -131 -39 -8 -17 -14 -58 -14 -104 0 -41 -3 -75 -6 -75 -3 0 -147 82 -320 181 l-314 182 317 183 318 183 5 -119 c5 -114 6 -121 33 -147z m-205 -601 c34 -20 62 -39 62 -42 0 -4 -28 -22 -61 -41 -34 -19 -70 -45 -80 -58 -28 -35 -24 -85 9 -120 43 -48 68 -48 157 -1 42 22 79 39 81 37 3 -2 3 -166 2 -365 l-3 -361 -318 183 -318 184 99 56 c142 81 161 102 147 172 -7 39 -52 74 -95 74 -14 0 -76 -29 -137 -64 l-113 -65 0 369 0 369 253 -146 c138 -80 280 -161 315 -181z m1112 -41 l0 -369 -87 49 c-49 27 -100 49 -115 49 -39 0 -87 -47 -94 -90 -8 -48 19 -80 117 -137 l79 -46 -317 -183 -318 -183 -3 361 c-1 199 0 363 2 366 3 2 45 -19 93 -47 126 -72 188 -67 214 18 18 60 -4 91 -111 153 -50 29 -90 55 -90 58 0 4 612 364 628 369 1 1 2 -165 2 -368z\"><\/path><path d=\"M4321 1947 c-95 -55 -40 -206 67 -182 73 16 103 109 51 160 -30 31 -85 41 -118 22z\"><\/path><\/g><\/svg>\t\t\t\t\t\t\t<\/span>\r\n\t\t\t\t\t\t\t<span class=\"number-stroke\">02<\/span>\r\n\t\t\t\t\t\t<\/div>\r\n\t\t\t\t\t\t<h5>Na\u010drtovanje in prototipiranje<\/h5>\r\n\t\t\t\t\t\t<div class=\"process-des\">\r\n\t\t\t\t\t\t\t<p class=\"process-des-item\">Na\u010drtovanje in prototipiranje \u2013 priprava tehni\u010dne dokumentacije, 3D modelov ter izdelava\nvzorcev za preverjanje oblike in izvedljivosti.<\/p>\r\n\t\t\t\t\t\t<\/div>\r\n\t\t\t\t\t<\/li>\r\n\t\t\t\t\t\t\t\t\t\t<li>\r\n\t\t\t\t\t\t<div class=\"icon-main\">\r\n\t\t\t\t\t\t\t<span class=\"dcell\">\r\n\t\t\t\t\t\t\t\t<svg xmlns=\"http:\/\/www.w3.org\/2000\/svg\" width=\"512.000000pt\" height=\"512.000000pt\" viewBox=\"0 0 512.000000 512.000000\" preserveAspectRatio=\"xMidYMid meet\"><g transform=\"translate(0.000000,512.000000) scale(0.100000,-0.100000)\" fill=\"#000000\" stroke=\"none\"><path d=\"M2855 5008 c-48 -27 -813 -513 -842 -535 l-33 -24 -2 -232 -3 -232 -810 -5 -810 -5 -47 -27 c-61 -36 -105 -91 -123 -152 -23 -75 -22 -2658 0 -2733 19 -63 79 -133 142 -164 l48 -24 778 -3 777 -3 0 -184 0 -185 -163 0 c-146 0 -166 -2 -180 -18 -14 -16 -17 -44 -17 -184 0 -147 2 -167 18 -181 17 -16 99 -17 974 -17 912 0 956 1 971 18 14 16 17 44 17 184 0 147 -2 167 -18 181 -16 14 -44 17 -180 17 l-162 0 0 185 0 185 753 0 c832 0 814 -1 899 63 27 20 54 55 73 92 l30 59 3 1315 c2 919 -1 1332 -9 1368 -14 71 -63 141 -123 178 l-49 30 -484 3 -483 3 0 227 c0 167 -3 232 -12 244 -19 24 -879 568 -898 568 -8 0 -24 -6 -35 -12z m413 -361 c199 -127 361 -231 360 -232 -21 -16 -719 -456 -730 -460 -17 -7 -739 445 -739 462 1 13 725 471 736 465 6 -3 173 -109 373 -235z m-790 -584 l352 -225 0 -420 c0 -366 -2 -419 -15 -414 -8 3 -172 105 -365 228 l-350 223 0 423 c0 336 3 422 13 416 6 -4 171 -108 365 -231z m1200 -185 l-3 -422 -355 -228 c-195 -125 -358 -227 -363 -228 -4 0 -6 190 -5 422 l3 422 355 227 c195 125 358 228 363 228 4 1 6 -189 5 -421z m-2848 -1233 l0 -1215 -270 0 -270 0 2 1169 c3 1165 3 1170 24 1198 42 58 68 63 302 63 l212 0 0 -1215z m1140 991 c0 -219 1 -225 23 -249 21 -24 844 -547 880 -560 25 -9 40 -1 507 296 l415 263 3 237 2 238 469 -3 c457 -3 470 -4 498 -24 15 -11 36 -36 45 -55 17 -32 18 -109 18 -1191 l0 -1158 -1940 0 -1940 0 0 1215 0 1215 510 0 510 0 0 -224z m2860 -2421 c0 -113 -13 -151 -66 -191 l-37 -29 -2167 0 -2167 0 -37 29 c-53 40 -66 78 -66 191 l0 95 2270 0 2270 0 0 -95z m-1760 -530 l0 -185 -510 0 -510 0 0 185 0 185 510 0 510 0 0 -185z m360 -385 l0 -80 -870 0 -870 0 0 80 0 80 870 0 870 0 0 -80z\"><\/path><path d=\"M480 3608 c-77 -53 -100 -139 -58 -213 25 -43 93 -85 138 -85 45 0 113 42 138 85 59 103 -18 235 -138 235 -32 0 -57 -7 -80 -22z m98 -100 c17 -17 15 -43 -4 -59 -31 -26 -70 25 -44 56 15 18 32 19 48 3z\"><\/path><path d=\"M505 3205 c-105 -38 -138 -165 -65 -249 40 -45 79 -60 141 -54 56 6 102 40 125 95 19 45 17 80 -7 129 -35 73 -118 107 -194 79z m83 -153 c-2 -21 -9 -28 -30 -30 -23 -3 -29 2 -34 24 -5 20 -2 31 11 40 27 20 57 0 53 -34z\"><\/path><path d=\"M495 2786 c-101 -44 -125 -178 -46 -257 65 -65 157 -65 222 0 124 124 -15 327 -176 257z m101 -131 c11 -43 -34 -73 -64 -43 -27 27 -6 68 35 68 16 0 24 -7 29 -25z\"><\/path><path d=\"M490 2368 c-148 -75 -95 -298 70 -298 120 0 197 132 138 235 -25 43 -93 85 -138 85 -14 0 -46 -10 -70 -22z m100 -113 c26 -32 -13 -81 -47 -59 -35 22 -23 74 17 74 10 0 23 -7 30 -15z\"><\/path><path d=\"M495 1956 c-103 -45 -126 -180 -44 -258 67 -64 151 -64 218 0 128 122 -12 329 -174 258z m93 -118 c17 -17 15 -43 -4 -59 -31 -26 -70 25 -44 56 15 18 32 19 48 3z\"><\/path><path d=\"M3924 3535 c-30 -30 -26 -60 13 -90 184 -141 253 -237 253 -350 0 -93 -86 -207 -225 -299 -167 -112 -465 -207 -740 -237 -60 -7 -116 -17 -124 -23 -34 -27 -28 -89 10 -101 10 -4 73 1 140 10 508 66 901 259 1020 501 31 63 34 77 34 159 0 82 -3 97 -33 158 -19 39 -61 97 -95 134 -63 67 -189 163 -214 163 -8 0 -25 -11 -39 -25z\"><\/path><path d=\"M1729 3502 c-94 -72 -182 -171 -221 -249 -30 -61 -33 -76 -33 -153 0 -76 3 -92 33 -152 99 -201 365 -360 767 -459 107 -26 231 -46 409 -64 l58 -7 -32 -33 c-52 -54 -38 -118 26 -118 21 0 48 21 121 95 51 52 93 103 93 113 0 10 -44 62 -97 116 -107 109 -137 122 -169 74 -18 -28 -13 -53 23 -95 13 -17 20 -30 15 -30 -48 0 -242 26 -347 46 -461 90 -785 304 -785 519 0 89 91 214 230 317 53 39 63 75 31 107 -31 31 -51 26 -122 -27z\"><\/path><path d=\"M1457 1952 c-14 -16 -17 -43 -17 -169 0 -133 2 -152 18 -166 17 -16 131 -17 1430 -17 1399 0 1412 0 1432 20 18 18 20 33 20 165 0 132 -2 147 -20 165 -20 20 -33 20 -1433 20 -1357 0 -1415 -1 -1430 -18z m2763 -167 l0 -65 -1330 0 -1330 0 0 65 0 65 1330 0 1330 0 0 -65z\"><\/path><\/g><\/svg>\t\t\t\t\t\t\t<\/span>\r\n\t\t\t\t\t\t\t<span class=\"number-stroke\">03<\/span>\r\n\t\t\t\t\t\t<\/div>\r\n\t\t\t\t\t\t<h5>Izdelava<\/h5>\r\n\t\t\t\t\t\t<div class=\"process-des\">\r\n\t\t\t\t\t\t\t<p class=\"process-des-item\">Izdelava \u2013 natan\u010dna proizvodnja z uporabo sodobnih tehnologij in kakovostnih materialov, ki\nzagotavljajo trajnost in popolno izvedbo kon\u010dnega izdelka.<\/p>\r\n\t\t\t\t\t\t<\/div>\r\n\t\t\t\t\t<\/li>\r\n\t\t\t\t\t\t\t\t\t<\/ul>\r\n\t\t\t\t    <\/div>\r\n\r\n\t    \t\t\t\t<\/div>\n\t\t\t\t<\/div>\n\t\t\t\t\t<\/div>\n\t\t<\/div>\n\t\t\t\t\t<\/div>\n\t\t<\/section>\n\t\t\t\t<div class=\"elementor-element elementor-element-8b1f1e7 elementor-widget elementor-widget-text-editor\" data-id=\"8b1f1e7\" data-element_type=\"widget\" data-widget_type=\"text-editor.default\">\n\t\t\t\t<div class=\"elementor-widget-container\">\n\t\t\t\t\t\t\t\t\t<p>Izdelke razvijamo v lastni delavnici, ki se nahaja v inkubatorju Tehnolo\u0161kega parka v Murski Soboti, kjer si prostore delimo z drugimi podjetji s podro\u010dja obdelave kovin, 3D tiska, digitalizacije in ostalih dejavnosti.<\/p>\t\t\t\t\t\t\t\t<\/div>\n\t\t\t\t<\/div>\n\t\t\t\t<div class=\"elementor-element elementor-element-bcdab04 elementor-widget elementor-widget-theratio-image-carousel\" data-id=\"bcdab04\" data-element_type=\"widget\" data-widget_type=\"theratio-image-carousel.default\">\n\t\t\t\t<div class=\"elementor-widget-container\">\n\t\t\t\t\t\r\n\t\t<div class=\"image-carousel swiper swiper-container\" data-slider_options=\"{&quot;slides_show_desktop&quot;:2,&quot;slides_show_tablet&quot;:2,&quot;slides_show_mobile&quot;:2,&quot;slides_scroll_desktop&quot;:1,&quot;slides_scroll_tablet&quot;:1,&quot;slides_scroll_mobile&quot;:1,&quot;margin_desktop&quot;:30,&quot;margin_tablet&quot;:30,&quot;margin_mobile&quot;:30,&quot;arrows&quot;:true,&quot;dots&quot;:false}\"  data-item-slider=\"ot_slider_bcdab04\">\t\t\t\r\n\t\t\t<div class=\"swiper-wrapper\">\r\n\t\t        <div class=\"swiper-slide\"><div class=\"img-item\"><figure><img decoding=\"async\" src=\"https:\/\/www.les-rock.com\/wp-content\/uploads\/2025\/10\/Slika_5.png\" alt=\"\"><\/figure><\/div><\/div><div class=\"swiper-slide\"><div class=\"img-item\"><figure><img decoding=\"async\" src=\"https:\/\/www.les-rock.com\/wp-content\/uploads\/2025\/10\/Slika_4-1.png\" alt=\"\"><\/figure><\/div><\/div><div class=\"swiper-slide\"><div class=\"img-item\"><figure><img decoding=\"async\" src=\"https:\/\/www.les-rock.com\/wp-content\/uploads\/2025\/10\/Slika_3-1.jpg\" alt=\"\"><\/figure><\/div><\/div><div class=\"swiper-slide\"><div class=\"img-item\"><figure><img decoding=\"async\" src=\"https:\/\/www.les-rock.com\/wp-content\/uploads\/2025\/10\/Slika_2.png\" alt=\"\"><\/figure><\/div><\/div>\t\t    <\/div>\r\n\r\n\t\t\t\t\t\t\t\t\t<!-- Add Arrows -->\r\n\t\t\t<div class=\"octf-swiper-button-next\" data-slider=\"ot_slider_bcdab04\"><i class=\"ot-flaticon-right-arrow\"><\/i><\/div>\r\n\t\t\t<div class=\"octf-swiper-button-prev\" data-slider=\"ot_slider_bcdab04\"><i class=\"ot-flaticon-left-arrow\"><\/i><\/div>\r\n\t\t\t\t    <\/div>\r\n\t\t\t\t\t\t<\/div>\n\t\t\t\t<\/div>\n\t\t\t\t\t<\/div>\n\t\t<\/div>\n\t\t\t\t\t<\/div>\n\t\t<\/section>\n\t\t<div class=\"elementor-element elementor-element-e7fb13c e-flex e-con-boxed e-con e-parent\" data-id=\"e7fb13c\" data-element_type=\"container\" data-settings=\"{&quot;background_background&quot;:&quot;classic&quot;}\">\n\t\t\t\t\t<div class=\"e-con-inner\">\n\t\t<div class=\"elementor-element elementor-element-c038265 e-grid e-con-full e-con e-child\" data-id=\"c038265\" data-element_type=\"container\">\n\t\t\t\t<div class=\"elementor-element elementor-element-7582e4a elementor-widget elementor-widget-text-editor\" data-id=\"7582e4a\" data-element_type=\"widget\" data-widget_type=\"text-editor.default\">\n\t\t\t\t<div class=\"elementor-widget-container\">\n\t\t\t\t\t\t\t\t\t<div class=\"promo-text\"><h3>Razmi\u0161ljate o inovativnem pohi\u0161tvu,<\/h3><p>ki zdru\u017euje novost in unikatnost.<\/p><\/div><p><style>\n  .promo-text {\n    display: flex;\n    flex-direction: column;\n    justify-content: center;\n    align-items: flex-start;\n    height: 100%;\n  }\n\n  .promo-text h3,\n  .promo-text p {\n    font-family: 'Urbanist', sans-serif;\n    color: #A1A29C;\n    margin: 0;\n    line-height: 1.3;\n  }\n\n  .promo-text h3 {\n    font-weight: 600;\n    font-size: clamp(18px, 1.6vw, 22px);\n    margin-bottom: 4px;\n  }\n\n  .promo-text p {\n    font-weight: 400;\n    font-size: clamp(13px, 1.2vw, 15px);\n    opacity: 0.95;\n  }\n\n  @media (max-width: 640px) {\n    .promo-text h3 { font-size: 16px; }\n    .promo-text p { font-size: 13px; }\n  }\n<\/style><\/p>\t\t\t\t\t\t\t\t<\/div>\n\t\t\t\t<\/div>\n\t\t\t\t<div class=\"elementor-element elementor-element-fe83c29 elementor-mobile-align-center elementor-align-left elementor-widget elementor-widget-button\" data-id=\"fe83c29\" data-element_type=\"widget\" data-widget_type=\"button.default\">\n\t\t\t\t<div class=\"elementor-widget-container\">\n\t\t\t\t\t\t\t\t\t<div class=\"elementor-button-wrapper\">\n\t\t\t\t\t<a class=\"elementor-button elementor-button-link elementor-size-sm elementor-animation-grow\" href=\"https:\/\/www.les-rock.com\/kontakt\/\">\n\t\t\t\t\t\t<span class=\"elementor-button-content-wrapper\">\n\t\t\t\t\t\t\t\t\t<span class=\"elementor-button-text\">Kontaktirajte nas<\/span>\n\t\t\t\t\t<\/span>\n\t\t\t\t\t<\/a>\n\t\t\t\t<\/div>\n\t\t\t\t\t\t\t\t<\/div>\n\t\t\t\t<\/div>\n\t\t\t\t<\/div>\n\t\t\t\t\t<\/div>\n\t\t\t\t<\/div>\n\t\t\t\t<\/div>\n\t\t","protected":false},"excerpt":{"rendered":"<p>[ PROJEKTIRANJE IN IN\u017dENIRING ] PROJEKTIRANJE IN IN\u017dENIRING Lesni in\u017eeniring in projektiranje zdru\u017eujeta tehni\u010dno znanje, oblikovanje in inovativne pristope pri ustvarjanju lesenih izdelkov in polizdelkov za notranjo opremo. V na\u0161em podjetju proces inoviranja poteka v treh klju\u010dnih fazah: 01 Idejni koncept Idejni koncept \u2013 razvoj vizije, estetske usmeritve in funkcionalne zasnove projekta. 02 Na\u010drtovanje in [&hellip;]<\/p>\n","protected":false},"author":1,"featured_media":0,"parent":0,"menu_order":0,"comment_status":"closed","ping_status":"closed","template":"","meta":{"_themeisle_gutenberg_block_has_review":false,"footnotes":""},"class_list":["post-5840","page","type-page","status-publish","hentry"],"_links":{"self":[{"href":"https:\/\/www.les-rock.com\/sl_si\/wp-json\/wp\/v2\/pages\/5840","targetHints":{"allow":["GET"]}}],"collection":[{"href":"https:\/\/www.les-rock.com\/sl_si\/wp-json\/wp\/v2\/pages"}],"about":[{"href":"https:\/\/www.les-rock.com\/sl_si\/wp-json\/wp\/v2\/types\/page"}],"author":[{"embeddable":true,"href":"https:\/\/www.les-rock.com\/sl_si\/wp-json\/wp\/v2\/users\/1"}],"replies":[{"embeddable":true,"href":"https:\/\/www.les-rock.com\/sl_si\/wp-json\/wp\/v2\/comments?post=5840"}],"version-history":[{"count":36,"href":"https:\/\/www.les-rock.com\/sl_si\/wp-json\/wp\/v2\/pages\/5840\/revisions"}],"predecessor-version":[{"id":6784,"href":"https:\/\/www.les-rock.com\/sl_si\/wp-json\/wp\/v2\/pages\/5840\/revisions\/6784"}],"wp:attachment":[{"href":"https:\/\/www.les-rock.com\/sl_si\/wp-json\/wp\/v2\/media?parent=5840"}],"curies":[{"name":"wp","href":"https:\/\/api.w.org\/{rel}","templated":true}]}}