{"id":5850,"date":"2025-08-05T18:37:16","date_gmt":"2025-08-05T18:37:16","guid":{"rendered":"https:\/\/www.les-rock.com\/?page_id=5850"},"modified":"2025-10-15T10:26:08","modified_gmt":"2025-10-15T10:26:08","slug":"les-v-visjih-dimenzijah","status":"publish","type":"page","link":"https:\/\/www.les-rock.com\/en\/les-v-visjih-dimenzijah\/","title":{"rendered":"Wood in higher dimensions"},"content":{"rendered":"<div data-elementor-type=\"wp-page\" data-elementor-id=\"5850\" class=\"elementor elementor-5850\">\n\t\t\t\t\t\t<section class=\"elementor-section elementor-top-section elementor-element elementor-element-8e29eb5 elementor-section-boxed elementor-section-height-default elementor-section-height-default\" data-id=\"8e29eb5\" data-element_type=\"section\">\n\t\t\t\t\t\t<div class=\"elementor-container elementor-column-gap-extended\">\n\t\t\t\t\t<div class=\"elementor-column elementor-col-100 elementor-top-column elementor-element elementor-element-8aad263 ot-flex-column-vertical\" data-id=\"8aad263\" data-element_type=\"column\">\n\t\t\t<div class=\"elementor-widget-wrap elementor-element-populated\">\n\t\t\t\t\t\t<div class=\"elementor-element elementor-element-557500c elementor-widget elementor-widget-iheading\" data-id=\"557500c\" data-element_type=\"widget\" data-widget_type=\"iheading.default\">\n\t\t\t\t<div class=\"elementor-widget-container\">\n\t\t\t\t\t\t\t<div class=\"ot-heading\">\r\n\t        <span>[ WOOD ]<\/span>\t        <h2 class=\"main-heading\">WOOD IN HIGHER DIMENSIONS<\/h2>\t    <\/div>\r\n\t    \t\t\t\t<\/div>\n\t\t\t\t<\/div>\n\t\t\t\t<div class=\"elementor-element elementor-element-ce13a42 elementor-widget elementor-widget-text-editor\" data-id=\"ce13a42\" data-element_type=\"widget\" data-widget_type=\"text-editor.default\">\n\t\t\t\t<div class=\"elementor-widget-container\">\n\t\t\t\t\t\t\t\t\t<p>3D parametric solid wood furniture and wall decors combine natural materials with advanced computer-aided design. The shapes are created using parametric modeling, which achieves precise adjustment of patterns and dimensions to the final space. The result is unique, modern and aesthetically perfected solid wood elements that combine the warmth of nature with innovative 3D design and create a distinct character of the space.<\/p>\t\t\t\t\t\t\t\t<\/div>\n\t\t\t\t<\/div>\n\t\t\t\t<div class=\"elementor-element elementor-element-bcdab04 elementor-widget elementor-widget-theratio-image-carousel\" data-id=\"bcdab04\" data-element_type=\"widget\" data-widget_type=\"theratio-image-carousel.default\">\n\t\t\t\t<div class=\"elementor-widget-container\">\n\t\t\t\t\t\r\n\t\t<div class=\"image-carousel swiper swiper-container\" data-slider_options=\"{&quot;slides_show_desktop&quot;:2,&quot;slides_show_tablet&quot;:2,&quot;slides_show_mobile&quot;:2,&quot;slides_scroll_desktop&quot;:1,&quot;slides_scroll_tablet&quot;:1,&quot;slides_scroll_mobile&quot;:1,&quot;margin_desktop&quot;:30,&quot;margin_tablet&quot;:30,&quot;margin_mobile&quot;:30,&quot;arrows&quot;:true,&quot;dots&quot;:false}\"  data-item-slider=\"ot_slider_bcdab04\">\t\t\t\r\n\t\t\t<div class=\"swiper-wrapper\">\r\n\t\t        <div class=\"swiper-slide\"><div class=\"img-item\"><figure><img decoding=\"async\" src=\"https:\/\/www.les-rock.com\/wp-content\/uploads\/2025\/10\/Slika_7.jpg\" alt=\"\"><\/figure><\/div><\/div><div class=\"swiper-slide\"><div class=\"img-item\"><figure><img decoding=\"async\" src=\"https:\/\/www.les-rock.com\/wp-content\/uploads\/2025\/10\/Slika_6.jpg\" alt=\"\"><\/figure><\/div><\/div><div class=\"swiper-slide\"><div class=\"img-item\"><figure><img decoding=\"async\" src=\"https:\/\/www.les-rock.com\/wp-content\/uploads\/2025\/10\/Slika_5.jpg\" alt=\"\"><\/figure><\/div><\/div><div class=\"swiper-slide\"><div class=\"img-item\"><figure><img decoding=\"async\" src=\"https:\/\/www.les-rock.com\/wp-content\/uploads\/2025\/10\/Slika_4.png\" alt=\"\"><\/figure><\/div><\/div><div class=\"swiper-slide\"><div class=\"img-item\"><figure><img decoding=\"async\" src=\"https:\/\/www.les-rock.com\/wp-content\/uploads\/2025\/10\/Slika_3.jpg\" alt=\"\"><\/figure><\/div><\/div><div class=\"swiper-slide\"><div class=\"img-item\"><figure><img decoding=\"async\" src=\"https:\/\/www.les-rock.com\/wp-content\/uploads\/2025\/10\/Slika_2.jpg\" alt=\"\"><\/figure><\/div><\/div><div class=\"swiper-slide\"><div class=\"img-item\"><figure><img decoding=\"async\" src=\"https:\/\/www.les-rock.com\/wp-content\/uploads\/2025\/10\/Slika_1.jpg\" alt=\"\"><\/figure><\/div><\/div>\t\t    <\/div>\r\n\r\n\t\t\t\t\t\t\t\t\t<!-- Add Arrows -->\r\n\t\t\t<div class=\"octf-swiper-button-next\" data-slider=\"ot_slider_bcdab04\"><i class=\"ot-flaticon-right-arrow\"><\/i><\/div>\r\n\t\t\t<div class=\"octf-swiper-button-prev\" data-slider=\"ot_slider_bcdab04\"><i class=\"ot-flaticon-left-arrow\"><\/i><\/div>\r\n\t\t\t\t    <\/div>\r\n\t\t\t\t\t\t<\/div>\n\t\t\t\t<\/div>\n\t\t<div class=\"elementor-element elementor-element-9624357 e-flex e-con-boxed e-con e-parent\" data-id=\"9624357\" data-element_type=\"container\" data-settings=\"{&quot;background_background&quot;:&quot;classic&quot;}\">\n\t\t\t\t\t<div class=\"e-con-inner\">\n\t\t\t\t<div class=\"elementor-element elementor-element-7273da1 elementor-widget elementor-widget-text-editor\" data-id=\"7273da1\" data-element_type=\"widget\" data-widget_type=\"text-editor.default\">\n\t\t\t\t<div class=\"elementor-widget-container\">\n\t\t\t\t\t\t\t\t\t<p>Why choose 3D parametric solid wood furniture and wall decor:<br \/>\u2022 Unique look: They create a unique and attractive look in any space.<br \/>\u2022 Adaptability: They can adapt to different styles and interiors.<br \/>\u2022 Warmth and naturalness: Wood brings warmth and naturalness to a space.<br \/>\u2022 Acoustics: They help improve the acoustics of a room.<br \/>\u2022 Aromatherapy: Together with the addition of aromatic woods, they can be incorporated into pieces of furniture.<br \/>\u2022 Insulation: They add additional sound insulation.<br \/>\u2022 Easy installation: Most models are easy to install.<\/p>\t\t\t\t\t\t\t\t<\/div>\n\t\t\t\t<\/div>\n\t\t\t\t\t<\/div>\n\t\t\t\t<\/div>\n\t\t\t\t\t<\/div>\n\t\t<\/div>\n\t\t\t\t\t<\/div>\n\t\t<\/section>\n\t\t<div class=\"elementor-element elementor-element-c7e93a3 e-flex e-con-boxed e-con e-parent\" data-id=\"c7e93a3\" data-element_type=\"container\" data-settings=\"{&quot;background_background&quot;:&quot;classic&quot;}\">\n\t\t\t\t\t<div class=\"e-con-inner\">\n\t\t<div class=\"elementor-element elementor-element-6996298 e-grid e-con-full e-con e-child\" data-id=\"6996298\" data-element_type=\"container\">\n\t\t\t\t<div class=\"elementor-element elementor-element-73fb81b elementor-widget elementor-widget-text-editor\" data-id=\"73fb81b\" data-element_type=\"widget\" data-widget_type=\"text-editor.default\">\n\t\t\t\t<div class=\"elementor-widget-container\">\n\t\t\t\t\t\t\t\t\t<div class=\"promo-text\"><h3>Are you thinking about 3D parametric furniture,<\/h3><p>which combines aesthetics and functionality.<\/p><\/div><p><style>\n  .promo-text {\n    display: flex;\n    flex-direction: column;\n    justify-content: center;\n    align-items: flex-start;\n    height: 100%;\n  }\n\n  .promo-text h3,\n  .promo-text p {\n    font-family: 'Urbanist', sans-serif;\n    color: #A1A29C;\n    margin: 0;\n    line-height: 1.3;\n  }\n\n  .promo-text h3 {\n    font-weight: 600;\n    font-size: clamp(18px, 1.6vw, 22px);\n    margin-bottom: 4px;\n  }\n\n  .promo-text p {\n    font-weight: 400;\n    font-size: clamp(13px, 1.2vw, 15px);\n    opacity: 0.95;\n  }\n\n  @media (max-width: 640px) {\n    .promo-text h3 { font-size: 16px; }\n    .promo-text p { font-size: 13px; }\n  }\n<\/style><\/p>\t\t\t\t\t\t\t\t<\/div>\n\t\t\t\t<\/div>\n\t\t\t\t<div class=\"elementor-element elementor-element-da72998 elementor-mobile-align-center elementor-align-left elementor-widget elementor-widget-button\" data-id=\"da72998\" data-element_type=\"widget\" data-widget_type=\"button.default\">\n\t\t\t\t<div class=\"elementor-widget-container\">\n\t\t\t\t\t\t\t\t\t<div class=\"elementor-button-wrapper\">\n\t\t\t\t\t<a class=\"elementor-button elementor-button-link elementor-size-sm elementor-animation-grow\" href=\"https:\/\/www.les-rock.com\/en\/kontakt\/\">\n\t\t\t\t\t\t<span class=\"elementor-button-content-wrapper\">\n\t\t\t\t\t\t\t\t\t<span class=\"elementor-button-text\">Contact us<\/span>\n\t\t\t\t\t<\/span>\n\t\t\t\t\t<\/a>\n\t\t\t\t<\/div>\n\t\t\t\t\t\t\t\t<\/div>\n\t\t\t\t<\/div>\n\t\t\t\t<\/div>\n\t\t\t\t\t<\/div>\n\t\t\t\t<\/div>\n\t\t\t\t<section class=\"elementor-section elementor-top-section elementor-element elementor-element-ae3cb79 elementor-section-boxed elementor-section-height-default elementor-section-height-default\" data-id=\"ae3cb79\" data-element_type=\"section\">\n\t\t\t\t\t\t<div class=\"elementor-container elementor-column-gap-extended\">\n\t\t\t\t\t<div class=\"elementor-column elementor-col-100 elementor-top-column elementor-element elementor-element-73c6e5a ot-flex-column-vertical\" data-id=\"73c6e5a\" data-element_type=\"column\">\n\t\t\t<div class=\"elementor-widget-wrap elementor-element-populated\">\n\t\t\t\t<div class=\"elementor-element elementor-element-2b27c63 e-flex e-con-boxed e-con e-parent\" data-id=\"2b27c63\" data-element_type=\"container\" data-settings=\"{&quot;background_background&quot;:&quot;classic&quot;}\">\n\t\t\t\t\t<div class=\"e-con-inner\">\n\t\t\t\t<div class=\"elementor-element elementor-element-0bc2123 elementor-widget elementor-widget-text-editor\" data-id=\"0bc2123\" data-element_type=\"widget\" data-widget_type=\"text-editor.default\">\n\t\t\t\t<div class=\"elementor-widget-container\">\n\t\t\t\t\t\t\t\t\t<p>How to choose the right 3D parametric furniture and wall decor:<br \/>\u2022 Size of space: A larger space allows for more complex patterns.<br \/>\u2022 Room style: Choose a pattern that matches the style of your furniture and other elements.<br \/>\u2022 Wood color: Choose a wood color that matches the color palette of your space.<br \/>\u2022 Pattern Depth: The depth of the pattern affects the intensity of the 3D effect.<\/p>\t\t\t\t\t\t\t\t<\/div>\n\t\t\t\t<\/div>\n\t\t\t\t\t<\/div>\n\t\t\t\t<\/div>\n\t\t\t\t\t<\/div>\n\t\t<\/div>\n\t\t\t\t\t<\/div>\n\t\t<\/section>\n\t\t\t\t<\/div>","protected":false},"excerpt":{"rendered":"<p>[ LES ] LES V VI\u0160JIH DIMENZIJAH 3D parametri\u010dno masivno pohi\u0161tvo in stenski dekorji zdru\u017eujejo naravne materiale z naprednim ra\u010dunalni\u0161kim oblikovanjem. Oblike nastajajo s pomo\u010djo parametri\u010dnega modeliranja s katerim se dose\u017ee natan\u010dno prilagajanje vzorcev in dimenzij s kon\u010dnim prostorom. Rezultat so unikatni, sodobni in estetsko dovr\u0161eni elementi iz masivnega lesa, ki zdru\u017eujejo toplino narave z [&hellip;]<\/p>","protected":false},"author":1,"featured_media":0,"parent":0,"menu_order":0,"comment_status":"closed","ping_status":"closed","template":"","meta":{"_themeisle_gutenberg_block_has_review":false,"footnotes":""},"class_list":["post-5850","page","type-page","status-publish","hentry"],"_links":{"self":[{"href":"https:\/\/www.les-rock.com\/en\/wp-json\/wp\/v2\/pages\/5850","targetHints":{"allow":["GET"]}}],"collection":[{"href":"https:\/\/www.les-rock.com\/en\/wp-json\/wp\/v2\/pages"}],"about":[{"href":"https:\/\/www.les-rock.com\/en\/wp-json\/wp\/v2\/types\/page"}],"author":[{"embeddable":true,"href":"https:\/\/www.les-rock.com\/en\/wp-json\/wp\/v2\/users\/1"}],"replies":[{"embeddable":true,"href":"https:\/\/www.les-rock.com\/en\/wp-json\/wp\/v2\/comments?post=5850"}],"version-history":[{"count":12,"href":"https:\/\/www.les-rock.com\/en\/wp-json\/wp\/v2\/pages\/5850\/revisions"}],"predecessor-version":[{"id":6778,"href":"https:\/\/www.les-rock.com\/en\/wp-json\/wp\/v2\/pages\/5850\/revisions\/6778"}],"wp:attachment":[{"href":"https:\/\/www.les-rock.com\/en\/wp-json\/wp\/v2\/media?parent=5850"}],"curies":[{"name":"wp","href":"https:\/\/api.w.org\/{rel}","templated":true}]}}