{"id":5822,"date":"2025-08-05T18:25:05","date_gmt":"2025-08-05T18:25:05","guid":{"rendered":"https:\/\/www.les-rock.com\/?page_id=5822"},"modified":"2025-10-15T10:23:18","modified_gmt":"2025-10-15T10:23:18","slug":"kopalnice","status":"publish","type":"page","link":"https:\/\/www.les-rock.com\/en\/kopalnice\/","title":{"rendered":"Bathrooms"},"content":{"rendered":"<div data-elementor-type=\"wp-page\" data-elementor-id=\"5822\" class=\"elementor elementor-5822\">\n\t\t\t\t\t\t<section class=\"elementor-section elementor-top-section elementor-element elementor-element-8e29eb5 elementor-section-boxed elementor-section-height-default elementor-section-height-default\" data-id=\"8e29eb5\" data-element_type=\"section\">\n\t\t\t\t\t\t<div class=\"elementor-container elementor-column-gap-extended\">\n\t\t\t\t\t<div class=\"elementor-column elementor-col-100 elementor-top-column elementor-element elementor-element-8aad263 ot-flex-column-vertical\" data-id=\"8aad263\" data-element_type=\"column\">\n\t\t\t<div class=\"elementor-widget-wrap elementor-element-populated\">\n\t\t\t\t\t\t<div class=\"elementor-element elementor-element-557500c elementor-widget elementor-widget-iheading\" data-id=\"557500c\" data-element_type=\"widget\" data-widget_type=\"iheading.default\">\n\t\t\t\t<div class=\"elementor-widget-container\">\n\t\t\t\t\t\t\t<div class=\"ot-heading\">\r\n\t        <span>[ CUSTOM FURNITURE ]<\/span>\t        <h2 class=\"main-heading\">BATHROOMS<\/h2>\t    <\/div>\r\n\t    \t\t\t\t<\/div>\n\t\t\t\t<\/div>\n\t\t\t\t<div class=\"elementor-element elementor-element-ce13a42 elementor-widget elementor-widget-text-editor\" data-id=\"ce13a42\" data-element_type=\"widget\" data-widget_type=\"text-editor.default\">\n\t\t\t\t<div class=\"elementor-widget-container\">\n\t\t\t\t\t\t\t\t\t<p>We use water-resistant materials in production, which ensure a long service life even in humid environments:<br \/>\u2022 Compact panels are extremely resistant to moisture, impact and heat, while offering an elegant appearance.<br \/>\u2022 Solid wood, properly protected, adds warmth, character and a touch of nature to the space. Each piece is unique, gaining its own character over time.<\/p>\t\t\t\t\t\t\t\t<\/div>\n\t\t\t\t<\/div>\n\t\t\t\t<div class=\"elementor-element elementor-element-bcdab04 elementor-widget elementor-widget-theratio-image-carousel\" data-id=\"bcdab04\" data-element_type=\"widget\" data-widget_type=\"theratio-image-carousel.default\">\n\t\t\t\t<div class=\"elementor-widget-container\">\n\t\t\t\t\t\r\n\t\t<div class=\"image-carousel swiper swiper-container\" data-slider_options=\"{&quot;slides_show_desktop&quot;:2,&quot;slides_show_tablet&quot;:2,&quot;slides_show_mobile&quot;:2,&quot;slides_scroll_desktop&quot;:1,&quot;slides_scroll_tablet&quot;:1,&quot;slides_scroll_mobile&quot;:1,&quot;margin_desktop&quot;:30,&quot;margin_tablet&quot;:30,&quot;margin_mobile&quot;:30,&quot;arrows&quot;:true,&quot;dots&quot;:false}\"  data-item-slider=\"ot_slider_bcdab04\">\t\t\t\r\n\t\t\t<div class=\"swiper-wrapper\">\r\n\t\t        <div class=\"swiper-slide\"><div class=\"img-item\"><figure><img decoding=\"async\" src=\"https:\/\/www.les-rock.com\/wp-content\/uploads\/2025\/10\/WhatsAppova-datoteka-Slika-2025-07-28-ob-23.21.34_04a8dd07.jpg\" alt=\"\"><\/figure><\/div><\/div><div class=\"swiper-slide\"><div class=\"img-item\"><figure><img decoding=\"async\" src=\"https:\/\/www.les-rock.com\/wp-content\/uploads\/2025\/10\/WhatsAppova-datoteka-Slika-2025-07-28-ob-23.21.34_00daa79d.jpg\" alt=\"\"><\/figure><\/div><\/div><div class=\"swiper-slide\"><div class=\"img-item\"><figure><img decoding=\"async\" src=\"https:\/\/www.les-rock.com\/wp-content\/uploads\/2025\/08\/IMG-20201110-WA0006.jpg\" alt=\"\"><\/figure><\/div><\/div>\t\t    <\/div>\r\n\r\n\t\t\t\t\t\t\t\t\t<!-- Add Arrows -->\r\n\t\t\t<div class=\"octf-swiper-button-next\" data-slider=\"ot_slider_bcdab04\"><i class=\"ot-flaticon-right-arrow\"><\/i><\/div>\r\n\t\t\t<div class=\"octf-swiper-button-prev\" data-slider=\"ot_slider_bcdab04\"><i class=\"ot-flaticon-left-arrow\"><\/i><\/div>\r\n\t\t\t\t    <\/div>\r\n\t\t\t\t\t\t<\/div>\n\t\t\t\t<\/div>\n\t\t\t\t\t<\/div>\n\t\t<\/div>\n\t\t\t\t\t<\/div>\n\t\t<\/section>\n\t\t<div class=\"elementor-element elementor-element-fa61db7 e-flex e-con-boxed e-con e-parent\" data-id=\"fa61db7\" data-element_type=\"container\" data-settings=\"{&quot;background_background&quot;:&quot;classic&quot;}\">\n\t\t\t\t\t<div class=\"e-con-inner\">\n\t\t<div class=\"elementor-element elementor-element-0162e1f e-grid e-con-full e-con e-child\" data-id=\"0162e1f\" data-element_type=\"container\">\n\t\t\t\t<div class=\"elementor-element elementor-element-8f1cf0e elementor-widget elementor-widget-text-editor\" data-id=\"8f1cf0e\" data-element_type=\"widget\" data-widget_type=\"text-editor.default\">\n\t\t\t\t<div class=\"elementor-widget-container\">\n\t\t\t\t\t\t\t\t\t<div class=\"promo-text\">\n  <h3>If you are considering quality custom furniture<\/h3>\n  <p>With many years of experience, we create furniture that combines aesthetics and functionality.<\/p>\n<\/div>\n\n<style>\n  .promo-text {\n    display: flex;\n    flex-direction: column;\n    justify-content: center;\n    align-items: flex-start;\n    height: 100%;\n  }\n\n  .promo-text h3,\n  .promo-text p {\n    font-family: 'Urbanist', sans-serif;\n    color: #A1A29C;\n    margin: 0;\n    line-height: 1.3;\n  }\n\n  .promo-text h3 {\n    font-weight: 600;\n    font-size: clamp(18px, 1.6vw, 22px);\n    margin-bottom: 4px;\n  }\n\n  .promo-text p {\n    font-weight: 400;\n    font-size: clamp(13px, 1.2vw, 15px);\n    opacity: 0.95;\n  }\n\n  @media (max-width: 640px) {\n    .promo-text h3 { font-size: 16px; }\n    .promo-text p { font-size: 13px; }\n  }\n<\/style>\n\t\t\t\t\t\t\t\t<\/div>\n\t\t\t\t<\/div>\n\t\t\t\t<div class=\"elementor-element elementor-element-22071b5 elementor-mobile-align-center elementor-align-left elementor-widget elementor-widget-button\" data-id=\"22071b5\" data-element_type=\"widget\" data-widget_type=\"button.default\">\n\t\t\t\t<div class=\"elementor-widget-container\">\n\t\t\t\t\t\t\t\t\t<div class=\"elementor-button-wrapper\">\n\t\t\t\t\t<a class=\"elementor-button elementor-button-link elementor-size-sm elementor-animation-grow\" href=\"https:\/\/www.les-rock.com\/en\/kontakt\/\">\n\t\t\t\t\t\t<span class=\"elementor-button-content-wrapper\">\n\t\t\t\t\t\t\t\t\t<span class=\"elementor-button-text\">Contact us<\/span>\n\t\t\t\t\t<\/span>\n\t\t\t\t\t<\/a>\n\t\t\t\t<\/div>\n\t\t\t\t\t\t\t\t<\/div>\n\t\t\t\t<\/div>\n\t\t\t\t<\/div>\n\t\t\t\t\t<\/div>\n\t\t\t\t<\/div>\n\t\t\t\t<section class=\"elementor-section elementor-top-section elementor-element elementor-element-209f167 elementor-section-boxed elementor-section-height-default elementor-section-height-default\" data-id=\"209f167\" data-element_type=\"section\">\n\t\t\t\t\t\t<div class=\"elementor-container elementor-column-gap-extended\">\n\t\t\t\t\t<div class=\"elementor-column elementor-col-100 elementor-top-column elementor-element elementor-element-f449d40 ot-flex-column-vertical\" data-id=\"f449d40\" data-element_type=\"column\">\n\t\t\t<div class=\"elementor-widget-wrap elementor-element-populated\">\n\t\t\t\t\t\t<div class=\"elementor-element elementor-element-b0d68c0 elementor-widget elementor-widget-text-editor\" data-id=\"b0d68c0\" data-element_type=\"widget\" data-widget_type=\"text-editor.default\">\n\t\t\t\t<div class=\"elementor-widget-container\">\n\t\t\t\t\t\t\t\t\t<p>If necessary, we combine materials with metal accents, glass or stone details, which adds prestige and durability to the space. Behind each of our bathrooms is hidden top-quality fittings and guides that enable soft closing, silent operation and perfect alignment of elements even after years of use. Practicality is always at the forefront - hidden drawers, functional layout and thoughtful solutions ensure that each piece is not only beautiful, but also useful. Whether minimalist, modern or naturally rustic - a custom-made bathroom made of quality materials always looks simple, clean and perfect.<\/p>\t\t\t\t\t\t\t\t<\/div>\n\t\t\t\t<\/div>\n\t\t\t\t<div class=\"elementor-element elementor-element-69976eb elementor-widget elementor-widget-theratio-image-carousel\" data-id=\"69976eb\" data-element_type=\"widget\" data-widget_type=\"theratio-image-carousel.default\">\n\t\t\t\t<div class=\"elementor-widget-container\">\n\t\t\t\t\t\r\n\t\t<div class=\"image-carousel swiper swiper-container\" data-slider_options=\"{&quot;slides_show_desktop&quot;:2,&quot;slides_show_tablet&quot;:2,&quot;slides_show_mobile&quot;:2,&quot;slides_scroll_desktop&quot;:1,&quot;slides_scroll_tablet&quot;:1,&quot;slides_scroll_mobile&quot;:1,&quot;margin_desktop&quot;:30,&quot;margin_tablet&quot;:30,&quot;margin_mobile&quot;:30,&quot;arrows&quot;:true,&quot;dots&quot;:false}\"  data-item-slider=\"ot_slider_69976eb\">\t\t\t\r\n\t\t\t<div class=\"swiper-wrapper\">\r\n\t\t        <div class=\"swiper-slide\"><div class=\"img-item\"><figure><img decoding=\"async\" src=\"https:\/\/www.les-rock.com\/wp-content\/uploads\/2025\/08\/IMG_0276-scaled.jpg\" alt=\"\"><\/figure><\/div><\/div><div class=\"swiper-slide\"><div class=\"img-item\"><figure><img decoding=\"async\" src=\"https:\/\/www.les-rock.com\/wp-content\/uploads\/2025\/08\/IMG-20230825-WA0000.jpg\" alt=\"\"><\/figure><\/div><\/div>\t\t    <\/div>\r\n\r\n\t\t\t\t\t\t\t\t\t<!-- Add Arrows -->\r\n\t\t\t<div class=\"octf-swiper-button-next\" data-slider=\"ot_slider_69976eb\"><i class=\"ot-flaticon-right-arrow\"><\/i><\/div>\r\n\t\t\t<div class=\"octf-swiper-button-prev\" data-slider=\"ot_slider_69976eb\"><i class=\"ot-flaticon-left-arrow\"><\/i><\/div>\r\n\t\t\t\t    <\/div>\r\n\t\t\t\t\t\t<\/div>\n\t\t\t\t<\/div>\n\t\t\t\t\t<\/div>\n\t\t<\/div>\n\t\t\t\t\t<\/div>\n\t\t<\/section>\n\t\t\t\t<\/div>","protected":false},"excerpt":{"rendered":"<p>[ POHI\u0160TVO PO MERI ] KOPALNICE Pri izdelavi uporabljamo vodo odporne materiale, ki zagotavljajo dolgo \u017eivljenjsko dobo tudi v vla\u017enem okolju:\u2022 Kompakt plo\u0161\u010de so izjemno odporne na vlago, udarce in toploto, hkrati pa ponujajo eleganten videz.\u2022 Masiva, ustrezno za\u0161\u010ditena, doda prostoru toplino, zna\u010daj in pridih narave. Vsak kos je unikat, ki s\u010dasoma dobi svoj zna\u010daj. [&hellip;]<\/p>","protected":false},"author":1,"featured_media":0,"parent":0,"menu_order":0,"comment_status":"closed","ping_status":"closed","template":"","meta":{"_themeisle_gutenberg_block_has_review":false,"footnotes":""},"class_list":["post-5822","page","type-page","status-publish","hentry"],"_links":{"self":[{"href":"https:\/\/www.les-rock.com\/en\/wp-json\/wp\/v2\/pages\/5822","targetHints":{"allow":["GET"]}}],"collection":[{"href":"https:\/\/www.les-rock.com\/en\/wp-json\/wp\/v2\/pages"}],"about":[{"href":"https:\/\/www.les-rock.com\/en\/wp-json\/wp\/v2\/types\/page"}],"author":[{"embeddable":true,"href":"https:\/\/www.les-rock.com\/en\/wp-json\/wp\/v2\/users\/1"}],"replies":[{"embeddable":true,"href":"https:\/\/www.les-rock.com\/en\/wp-json\/wp\/v2\/comments?post=5822"}],"version-history":[{"count":18,"href":"https:\/\/www.les-rock.com\/en\/wp-json\/wp\/v2\/pages\/5822\/revisions"}],"predecessor-version":[{"id":6769,"href":"https:\/\/www.les-rock.com\/en\/wp-json\/wp\/v2\/pages\/5822\/revisions\/6769"}],"wp:attachment":[{"href":"https:\/\/www.les-rock.com\/en\/wp-json\/wp\/v2\/media?parent=5822"}],"curies":[{"name":"wp","href":"https:\/\/api.w.org\/{rel}","templated":true}]}}