{"id":3926,"date":"2020-07-03T03:35:02","date_gmt":"2020-07-03T03:35:02","guid":{"rendered":"http:\/\/wpdemo.archiwp.com\/theratio\/?page_id=3926"},"modified":"2025-10-11T11:51:25","modified_gmt":"2025-10-11T11:51:25","slug":"galerija","status":"publish","type":"page","link":"https:\/\/www.les-rock.com\/en\/galerija\/","title":{"rendered":"Gallery"},"content":{"rendered":"<div data-elementor-type=\"wp-page\" data-elementor-id=\"3926\" class=\"elementor elementor-3926\">\n\t\t\t\t\t\t<section class=\"elementor-section elementor-top-section elementor-element elementor-element-bf62b50 elementor-section-boxed elementor-section-height-default elementor-section-height-default elementor-invisible\" data-id=\"bf62b50\" data-element_type=\"section\" data-settings=\"{&quot;animation&quot;:&quot;fadeInDown&quot;}\">\n\t\t\t\t\t\t<div class=\"elementor-container elementor-column-gap-default\">\n\t\t\t\t\t<div class=\"elementor-column elementor-col-100 elementor-top-column elementor-element elementor-element-c602964 ot-flex-column-vertical\" data-id=\"c602964\" data-element_type=\"column\">\n\t\t\t<div class=\"elementor-widget-wrap elementor-element-populated\">\n\t\t\t\t\t\t<div class=\"elementor-element elementor-element-61bbce3 theratio-align-center elementor-widget elementor-widget-iheading\" data-id=\"61bbce3\" data-element_type=\"widget\" data-widget_type=\"iheading.default\">\n\t\t\t\t<div class=\"elementor-widget-container\">\n\t\t\t\t\t\t\t<div class=\"ot-heading\">\r\n\t        <span>[ our portfolio ]<\/span>\t        <h2 class=\"main-heading\">Some of our works<br>and customer case studies<\/h2>\t    <\/div>\r\n\t    \t\t\t\t<\/div>\n\t\t\t\t<\/div>\n\t\t\t\t<div class=\"elementor-element elementor-element-83b0ff2 elementor-widget elementor-widget-ipfilter_metro\" data-id=\"83b0ff2\" data-element_type=\"widget\" data-widget_type=\"ipfilter_metro.default\">\n\t\t\t\t<div class=\"elementor-widget-container\">\n\t\t\t\t\t\r\n\t\t<div class=\"project-filter-wrapper\">\r\n\t\t\t\t\t\t\t        <div id=\"projects-grid\" class=\"projects-grid pf_4_cols style-2 img-scale\" data-load=\"\" data-count=\"4\">\r\n\t\t\t<div class=\"grid-sizer\"><\/div>\r\n\t            <div class=\"project-item category-40\">\r\n\t<div class=\"projects-box\">\r\n\t\t<div class=\"projects-thumbnail\" data-src=\"https:\/\/www.les-rock.com\/wp-content\/uploads\/2025\/08\/IMG-20230825-WA0001.jpg\" data-sub-html=\"Kopalnice\">\r\n\t\t\t<a href=\"https:\/\/www.les-rock.com\/en\/portfolio\/kopalnice\/\">\r\n\t\t\t\t<img fetchpriority=\"high\" decoding=\"async\" width=\"720\" height=\"720\" src=\"https:\/\/www.les-rock.com\/wp-content\/uploads\/2025\/08\/IMG-20230825-WA0001-720x720.jpg\" class=\"attachment-theratio-portfolio-thumbnail-grid size-theratio-portfolio-thumbnail-grid wp-post-image\" alt=\"\" srcset=\"https:\/\/www.les-rock.com\/wp-content\/uploads\/2025\/08\/IMG-20230825-WA0001-720x720.jpg 720w, https:\/\/www.les-rock.com\/wp-content\/uploads\/2025\/08\/IMG-20230825-WA0001-150x150.jpg 150w\" sizes=\"(max-width: 720px) 100vw, 720px\" \/>\t\t\t<\/a>\r\n\t\t\t<span class=\"overlay\">\r\n\t\t\t\t<h5>Bathrooms<\/h5>\r\n\t\t\t\t<i class=\"ot-flaticon-add\"><\/i>\r\n\t\t\t<\/span>\r\n\t\t<\/div>\r\n\t\t<div class=\"portfolio-info\">\r\n\t\t\t<div class=\"portfolio-info-inner\">\r\n\t\t\t\t<h5><a class=\"title-link\" href=\"https:\/\/www.les-rock.com\/en\/portfolio\/kopalnice\/\" data-src=\"https:\/\/www.les-rock.com\/wp-content\/uploads\/2025\/08\/IMG-20230825-WA0001.jpg\" data-sub-html=\"Kopalnice\">Bathrooms<\/a><\/h5>\r\n\t\t\t\t<p class=\"portfolio-cates\"><a href=\"https:\/\/www.les-rock.com\/en\/portfolio-category\/kopalnice\/\">Bathrooms<\/a><\/p> \r\n\t\t\t<\/div>\r\n\t\t\t<a class=\"overlay\" href=\"https:\/\/www.les-rock.com\/en\/portfolio\/kopalnice\/\"><\/a>\r\n\t\t<\/div>\r\n\t<\/div>\r\n<\/div><div class=\"project-item category-37\">\r\n\t<div class=\"projects-box\">\r\n\t\t<div class=\"projects-thumbnail\" data-src=\"https:\/\/www.les-rock.com\/wp-content\/uploads\/2025\/08\/IMG_20240325_200111-scaled.jpg\" data-sub-html=\"Omare\">\r\n\t\t\t<a href=\"https:\/\/www.les-rock.com\/en\/portfolio\/omare\/\">\r\n\t\t\t\t<img decoding=\"async\" width=\"720\" height=\"720\" src=\"https:\/\/www.les-rock.com\/wp-content\/uploads\/2025\/08\/IMG_20240325_200111-720x720.jpg\" class=\"attachment-theratio-portfolio-thumbnail-grid size-theratio-portfolio-thumbnail-grid wp-post-image\" alt=\"\" srcset=\"https:\/\/www.les-rock.com\/wp-content\/uploads\/2025\/08\/IMG_20240325_200111-720x720.jpg 720w, https:\/\/www.les-rock.com\/wp-content\/uploads\/2025\/08\/IMG_20240325_200111-150x150.jpg 150w\" sizes=\"(max-width: 720px) 100vw, 720px\" \/>\t\t\t<\/a>\r\n\t\t\t<span class=\"overlay\">\r\n\t\t\t\t<h5>Closets<\/h5>\r\n\t\t\t\t<i class=\"ot-flaticon-add\"><\/i>\r\n\t\t\t<\/span>\r\n\t\t<\/div>\r\n\t\t<div class=\"portfolio-info\">\r\n\t\t\t<div class=\"portfolio-info-inner\">\r\n\t\t\t\t<h5><a class=\"title-link\" href=\"https:\/\/www.les-rock.com\/en\/portfolio\/omare\/\" data-src=\"https:\/\/www.les-rock.com\/wp-content\/uploads\/2025\/08\/IMG_20240325_200111-scaled.jpg\" data-sub-html=\"Omare\">Closets<\/a><\/h5>\r\n\t\t\t\t<p class=\"portfolio-cates\"><a href=\"https:\/\/www.les-rock.com\/en\/portfolio-category\/omare\/\">Closets<\/a><\/p> \r\n\t\t\t<\/div>\r\n\t\t\t<a class=\"overlay\" href=\"https:\/\/www.les-rock.com\/en\/portfolio\/omare\/\"><\/a>\r\n\t\t<\/div>\r\n\t<\/div>\r\n<\/div><div class=\"project-item category-36\">\r\n\t<div class=\"projects-box\">\r\n\t\t<div class=\"projects-thumbnail\" data-src=\"https:\/\/www.les-rock.com\/wp-content\/uploads\/2025\/08\/IMG_20250210_143353-scaled.jpg\" data-sub-html=\"Spalnice\">\r\n\t\t\t<a href=\"https:\/\/www.les-rock.com\/en\/portfolio\/spalnice\/\">\r\n\t\t\t\t<img decoding=\"async\" width=\"720\" height=\"720\" src=\"https:\/\/www.les-rock.com\/wp-content\/uploads\/2025\/08\/IMG_20250210_143353-720x720.jpg\" class=\"attachment-theratio-portfolio-thumbnail-grid size-theratio-portfolio-thumbnail-grid wp-post-image\" alt=\"\" srcset=\"https:\/\/www.les-rock.com\/wp-content\/uploads\/2025\/08\/IMG_20250210_143353-720x720.jpg 720w, https:\/\/www.les-rock.com\/wp-content\/uploads\/2025\/08\/IMG_20250210_143353-150x150.jpg 150w\" sizes=\"(max-width: 720px) 100vw, 720px\" \/>\t\t\t<\/a>\r\n\t\t\t<span class=\"overlay\">\r\n\t\t\t\t<h5>Bedrooms<\/h5>\r\n\t\t\t\t<i class=\"ot-flaticon-add\"><\/i>\r\n\t\t\t<\/span>\r\n\t\t<\/div>\r\n\t\t<div class=\"portfolio-info\">\r\n\t\t\t<div class=\"portfolio-info-inner\">\r\n\t\t\t\t<h5><a class=\"title-link\" href=\"https:\/\/www.les-rock.com\/en\/portfolio\/spalnice\/\" data-src=\"https:\/\/www.les-rock.com\/wp-content\/uploads\/2025\/08\/IMG_20250210_143353-scaled.jpg\" data-sub-html=\"Spalnice\">Bedrooms<\/a><\/h5>\r\n\t\t\t\t<p class=\"portfolio-cates\"><a href=\"https:\/\/www.les-rock.com\/en\/portfolio-category\/sobe\/\">Bedrooms<\/a><\/p> \r\n\t\t\t<\/div>\r\n\t\t\t<a class=\"overlay\" href=\"https:\/\/www.les-rock.com\/en\/portfolio\/spalnice\/\"><\/a>\r\n\t\t<\/div>\r\n\t<\/div>\r\n<\/div><div class=\"project-item category-38\">\r\n\t<div class=\"projects-box\">\r\n\t\t<div class=\"projects-thumbnail\" data-src=\"https:\/\/www.les-rock.com\/wp-content\/uploads\/2025\/08\/IMG-20250203-WA0056.jpg\" data-sub-html=\"Kuhinje\">\r\n\t\t\t<a href=\"https:\/\/www.les-rock.com\/en\/portfolio\/kuhinje\/\">\r\n\t\t\t\t<img loading=\"lazy\" decoding=\"async\" width=\"720\" height=\"720\" src=\"https:\/\/www.les-rock.com\/wp-content\/uploads\/2025\/08\/IMG-20250203-WA0056-720x720.jpg\" class=\"attachment-theratio-portfolio-thumbnail-grid size-theratio-portfolio-thumbnail-grid wp-post-image\" alt=\"\" srcset=\"https:\/\/www.les-rock.com\/wp-content\/uploads\/2025\/08\/IMG-20250203-WA0056-720x720.jpg 720w, https:\/\/www.les-rock.com\/wp-content\/uploads\/2025\/08\/IMG-20250203-WA0056-150x150.jpg 150w\" sizes=\"(max-width: 720px) 100vw, 720px\" \/>\t\t\t<\/a>\r\n\t\t\t<span class=\"overlay\">\r\n\t\t\t\t<h5>Kitchens<\/h5>\r\n\t\t\t\t<i class=\"ot-flaticon-add\"><\/i>\r\n\t\t\t<\/span>\r\n\t\t<\/div>\r\n\t\t<div class=\"portfolio-info\">\r\n\t\t\t<div class=\"portfolio-info-inner\">\r\n\t\t\t\t<h5><a class=\"title-link\" href=\"https:\/\/www.les-rock.com\/en\/portfolio\/kuhinje\/\" data-src=\"https:\/\/www.les-rock.com\/wp-content\/uploads\/2025\/08\/IMG-20250203-WA0056.jpg\" data-sub-html=\"Kuhinje\">Kitchens<\/a><\/h5>\r\n\t\t\t\t<p class=\"portfolio-cates\"><a href=\"https:\/\/www.les-rock.com\/en\/portfolio-category\/kuhinje\/\">Kitchens<\/a><\/p> \r\n\t\t\t<\/div>\r\n\t\t\t<a class=\"overlay\" href=\"https:\/\/www.les-rock.com\/en\/portfolio\/kuhinje\/\"><\/a>\r\n\t\t<\/div>\r\n\t<\/div>\r\n<\/div>\t\t\t<\/div>\r\n\r\n\t\t\t\t    <\/div>\r\n\t\t\t\t\t\t\t\t\t\t\r\n\t    \t\t\t\t<\/div>\n\t\t\t\t<\/div>\n\t\t\t\t\t<\/div>\n\t\t<\/div>\n\t\t\t\t\t<\/div>\n\t\t<\/section>\n\t\t\t\t<\/div>","protected":false},"excerpt":{"rendered":"<p>[ na\u0161 portfolio ] Nekatera na\u0161a delain \u0161tudije primerov za stranke Kopalnice Kopalnice Kopalnice Omare Omare Omare Spalnice Spalnice Spalnice Kuhinje Kuhinje Kuhinje<\/p>","protected":false},"author":1,"featured_media":0,"parent":0,"menu_order":0,"comment_status":"closed","ping_status":"closed","template":"","meta":{"_themeisle_gutenberg_block_has_review":false,"footnotes":""},"class_list":["post-3926","page","type-page","status-publish","hentry"],"_links":{"self":[{"href":"https:\/\/www.les-rock.com\/en\/wp-json\/wp\/v2\/pages\/3926","targetHints":{"allow":["GET"]}}],"collection":[{"href":"https:\/\/www.les-rock.com\/en\/wp-json\/wp\/v2\/pages"}],"about":[{"href":"https:\/\/www.les-rock.com\/en\/wp-json\/wp\/v2\/types\/page"}],"author":[{"embeddable":true,"href":"https:\/\/www.les-rock.com\/en\/wp-json\/wp\/v2\/users\/1"}],"replies":[{"embeddable":true,"href":"https:\/\/www.les-rock.com\/en\/wp-json\/wp\/v2\/comments?post=3926"}],"version-history":[{"count":9,"href":"https:\/\/www.les-rock.com\/en\/wp-json\/wp\/v2\/pages\/3926\/revisions"}],"predecessor-version":[{"id":6606,"href":"https:\/\/www.les-rock.com\/en\/wp-json\/wp\/v2\/pages\/3926\/revisions\/6606"}],"wp:attachment":[{"href":"https:\/\/www.les-rock.com\/en\/wp-json\/wp\/v2\/media?parent=3926"}],"curies":[{"name":"wp","href":"https:\/\/api.w.org\/{rel}","templated":true}]}}